{"id":3,"date":"2022-08-18T15:19:36","date_gmt":"2022-08-18T13:19:36","guid":{"rendered":"http:\/\/jjhblss.cluster030.hosting.ovh.net\/?page_id=3"},"modified":"2022-10-28T21:50:53","modified_gmt":"2022-10-28T19:50:53","slug":"politique-de-confidentialite","status":"publish","type":"page","link":"https:\/\/www.mrauto91.fr\/index.php\/politique-de-confidentialite\/","title":{"rendered":"Politique de confidentialit\u00e9"},"content":{"rendered":"\t\t<div data-elementor-type=\"wp-page\" data-elementor-id=\"3\" class=\"elementor elementor-3\">\n\t\t\t\t\t\t<section class=\"elementor-section elementor-top-section elementor-element elementor-element-8e2d0ad elementor-section-boxed elementor-section-height-default elementor-section-height-default\" data-id=\"8e2d0ad\" data-element_type=\"section\" data-settings=\"{&quot;background_background&quot;:&quot;classic&quot;}\">\n\t\t\t\t\t\t<div class=\"elementor-container elementor-column-gap-default\">\n\t\t\t\t\t<div class=\"elementor-column elementor-col-100 elementor-top-column elementor-element elementor-element-a8ed948\" data-id=\"a8ed948\" data-element_type=\"column\">\n\t\t\t<div class=\"elementor-widget-wrap elementor-element-populated\">\n\t\t\t\t\t\t<div class=\"elementor-element elementor-element-fb15ca1 elementor-widget elementor-widget-spacer\" data-id=\"fb15ca1\" data-element_type=\"widget\" data-widget_type=\"spacer.default\">\n\t\t\t\t<div class=\"elementor-widget-container\">\n\t\t\t\t\t\t\t<div class=\"elementor-spacer\">\n\t\t\t<div class=\"elementor-spacer-inner\"><\/div>\n\t\t<\/div>\n\t\t\t\t\t\t<\/div>\n\t\t\t\t<\/div>\n\t\t\t\t<div class=\"elementor-element elementor-element-8105d32 elementor-widget elementor-widget-heading\" data-id=\"8105d32\" data-element_type=\"widget\" data-widget_type=\"heading.default\">\n\t\t\t\t<div class=\"elementor-widget-container\">\n\t\t\t\t\t<h1 class=\"elementor-heading-title elementor-size-default\">MENTIONS L\u00c9GALES<\/h1>\t\t\t\t<\/div>\n\t\t\t\t<\/div>\n\t\t\t\t<div class=\"elementor-element elementor-element-61d51e0 elementor-widget elementor-widget-spacer\" data-id=\"61d51e0\" data-element_type=\"widget\" data-widget_type=\"spacer.default\">\n\t\t\t\t<div class=\"elementor-widget-container\">\n\t\t\t\t\t\t\t<div class=\"elementor-spacer\">\n\t\t\t<div class=\"elementor-spacer-inner\"><\/div>\n\t\t<\/div>\n\t\t\t\t\t\t<\/div>\n\t\t\t\t<\/div>\n\t\t\t\t<div class=\"elementor-element elementor-element-3a7222a3 elementor-widget elementor-widget-text-editor\" data-id=\"3a7222a3\" data-element_type=\"widget\" data-widget_type=\"text-editor.default\">\n\t\t\t\t<div class=\"elementor-widget-container\">\n\t\t\t\t\t\t\t\t\t\n<p>L\u2019ensemble du contenu de ce site est la propri\u00e9t\u00e9 de MR AUTO 91, conform\u00e9ment \u00e0 l\u2019article L.122-4 du code de la propri\u00e9t\u00e9 intellectuelle toute repr\u00e9sentation ou reproduction non express\u00e9ment autoris\u00e9e, int\u00e9grale ou partielle et par quelque proc\u00e9d\u00e9 que ce soit serait illicite et constituerait une contrefa\u00e7on sanctionn\u00e9e par les articles L.335-2 et suivants du code de la propri\u00e9t\u00e9 intellectuelle. Si vous souhaitez utiliser des images que vous trouverez sur notre site, merci de nous contacter au pr\u00e9alable.<\/p>\n<p>Le site www.mrauto91.fr est la propri\u00e9t\u00e9 exclusive de\u00a0<strong>SAS MR AUTO 91<\/strong>, conform\u00e9ment \u00e0 l\u2019article 6 de la Loi N\u00b02004-575 du 21 juin 2004 pour la confiance dans l\u2019\u00e9conomie num\u00e9rique (LCEN), sont mentionn\u00e9es aux utilisateurs du site www.auroch-properties.com l\u2019identit\u00e9 des intervenants sur la r\u00e9alisation et le suivi du pr\u00e9sent site web : Le propri\u00e9taire est la\u00a0<strong>SAS MR AUTO 91<\/strong><strong>\u00a0<\/strong><\/p>\n<h4>\u00a0<strong>SAS MR AUTO 91<\/strong><\/h4>\n<p>Adresse : 6 Avenues des Andes -91940 LES ULIS<\/p>\n<p>SAS au capital de 10 000 \u20ac<br \/>RCS de Every sous le num\u00e9ro B 910\u00a0797\u00a0505<\/p>\n<p>SIRET : 91079750500013<br \/>Code APE : 4120B<\/p>\n<h2><strong>H\u00e9bergeur<\/strong><\/h2>\n<p>OVH SAS \u2013 2 rue Kellermann \u2013 59100 Roubaix \u2013 France \u2013 RCS Roubaix \u2013 Tourcoing 424 761 419 00045<\/p>\n<h4><strong>Le cr\u00e9ateur du site<\/strong>\u00a0:<\/h4>\n<p><strong>APHORISME.Lab <\/strong>Design &amp; Communication<\/p>\n<h4><strong>Dispositions Informatiques et Libert\u00e9s<\/strong><\/h4>\n<p>Conform\u00e9ment \u00e0 la loi \u00ab\u00a0Informatique et Libert\u00e9\u00a0\u00bb n\u00b078-17 du 6 janvier 1978, vous disposez d\u2019un droit d\u2019acc\u00e8s, de rectification, d\u2019information ou d\u2019opposition, sur les donn\u00e9es personnelles que vous nous communiquez. Pour exercer ce droit, vous pouvez en faire la demande aupr\u00e8s de notre service client par l\u2019interm\u00e9diaire de notre formulaire de contact ou par courrier \u00e0 l\u2019adresse suivante :\u00a0<strong>MR AUTO 91,<\/strong>\u00a06 Avenues des Andes -91940 LES ULIS<\/p>\n<h4><strong>\u00a0<\/strong><strong>Propri\u00e9t\u00e9 Intellectuelle<\/strong><\/h4>\n<p>La reproduction de tout ou partie de ce site sur quelque support que ce soit est formellement interdite sauf autorisation expresse du directeur de la publication.<\/p>\n\t\t\t\t\t\t\t\t<\/div>\n\t\t\t\t<\/div>\n\t\t\t\t<div class=\"elementor-element elementor-element-13e9de4 elementor-widget-divider--view-line elementor-widget elementor-widget-divider\" data-id=\"13e9de4\" data-element_type=\"widget\" data-widget_type=\"divider.default\">\n\t\t\t\t<div class=\"elementor-widget-container\">\n\t\t\t\t\t\t\t<div class=\"elementor-divider\">\n\t\t\t<span class=\"elementor-divider-separator\">\n\t\t\t\t\t\t<\/span>\n\t\t<\/div>\n\t\t\t\t\t\t<\/div>\n\t\t\t\t<\/div>\n\t\t\t\t\t<\/div>\n\t\t<\/div>\n\t\t\t\t\t<\/div>\n\t\t<\/section>\n\t\t\t\t<section class=\"elementor-section elementor-top-section elementor-element elementor-element-891a715 elementor-section-boxed elementor-section-height-default elementor-section-height-default\" data-id=\"891a715\" data-element_type=\"section\">\n\t\t\t\t\t\t<div class=\"elementor-container elementor-column-gap-default\">\n\t\t\t\t\t<div class=\"elementor-column elementor-col-100 elementor-top-column elementor-element elementor-element-abc7082\" data-id=\"abc7082\" data-element_type=\"column\">\n\t\t\t<div class=\"elementor-widget-wrap elementor-element-populated\">\n\t\t\t\t\t\t<div class=\"elementor-element elementor-element-3ad2f11 elementor-widget elementor-widget-heading\" data-id=\"3ad2f11\" data-element_type=\"widget\" data-widget_type=\"heading.default\">\n\t\t\t\t<div class=\"elementor-widget-container\">\n\t\t\t\t\t<h1 class=\"elementor-heading-title elementor-size-default\">RGPD<\/h1>\t\t\t\t<\/div>\n\t\t\t\t<\/div>\n\t\t\t\t<div class=\"elementor-element elementor-element-0cafbe3 elementor-widget elementor-widget-heading\" data-id=\"0cafbe3\" data-element_type=\"widget\" data-widget_type=\"heading.default\">\n\t\t\t\t<div class=\"elementor-widget-container\">\n\t\t\t\t\t<h2 class=\"elementor-heading-title elementor-size-default\">Confidentialit\u00e9 et protection des donn\u00e9es personnelles<\/h2>\t\t\t\t<\/div>\n\t\t\t\t<\/div>\n\t\t\t\t<div class=\"elementor-element elementor-element-661e1c7 elementor-widget elementor-widget-spacer\" data-id=\"661e1c7\" data-element_type=\"widget\" data-widget_type=\"spacer.default\">\n\t\t\t\t<div class=\"elementor-widget-container\">\n\t\t\t\t\t\t\t<div class=\"elementor-spacer\">\n\t\t\t<div class=\"elementor-spacer-inner\"><\/div>\n\t\t<\/div>\n\t\t\t\t\t\t<\/div>\n\t\t\t\t<\/div>\n\t\t\t\t<div class=\"elementor-element elementor-element-6fee217 elementor-widget elementor-widget-text-editor\" data-id=\"6fee217\" data-element_type=\"widget\" data-widget_type=\"text-editor.default\">\n\t\t\t\t<div class=\"elementor-widget-container\">\n\t\t\t\t\t\t\t\t\t<p><strong>Vous \u00eates actuellement connect\u00e9 au site\u00a0<a href=\"http:\/\/www.mrauto91.fr\">www.mrauto91.fr<\/a>, tout internaute ayant acc\u00e8s \u00e0 ce site, s\u2019engage \u00e0 se conformer aux pr\u00e9sentes conditions d\u2019utilisation. A travers sa Politique de Protection des Donn\u00e9es \u00e0 caract\u00e8re personnel, la soci\u00e9t\u00e9 MR AUTO 91 souhaite vous informer du type de donn\u00e9es collect\u00e9es, de l\u2019utilisation qui en sera faite et de leur droit d\u2019acc\u00e8s, de rectification ou de suppression des dites donn\u00e9es.<\/strong><\/p>\n<p><strong><u>Dispositions Informatiques et Libert\u00e9s<\/u><\/strong>\u00a0<strong>:\u00a0<\/strong>Conform\u00e9ment \u00e0 la loi \u00ab\u00a0informatique et Libert\u00e9s\u00a0\u00bb du 6 janvier 1978 modifi\u00e9e par la loi du 20 juin 2018 (art.32), nous vous informons que les informations nominatives que la soci\u00e9t\u00e9 <strong>MR AUTO 91 <\/strong>est amen\u00e9e \u00e0 recueillir proviennent de l\u2019enregistrement volontaire de ces informations sur les formulaires de contact ou demande d\u2019inscription \u00e0 notre Newsletter. Conform\u00e9ment \u00e0 l\u2019article 32 de cette m\u00eame loi, nous vous pr\u00e9cisons que les informations indispensables \u00e0 la soci\u00e9t\u00e9 <strong>MR AUTO 91 <\/strong>pour traiter et ex\u00e9cuter vos demandes, vous sont signal\u00e9es par un ast\u00e9risque (*) dans notre formulaire de contact. Les compl\u00e9ments d\u2019informations demand\u00e9es, pour lesquelles la r\u00e9ponse est facultative, sont destin\u00e9es \u00e0 mieux vous conna\u00eetre et nous permettre de r\u00e9pondre au mieux \u00e0 votre demande.<\/p>\n<p><strong><u>Responsable du traitement\u00a0<\/u><\/strong>: <strong>MR AUTO 91 <\/strong>\u00a0informe que le responsable du traitement des donn\u00e9es est \u00e0 la disposition des utilisateurs \u00e0 l\u2019adresse e-mail contact@mrauto91.fr, ainsi que \u00e0 l\u2019adresse postale : 6 Avenues des Andes -91940 LES ULIS.<\/p>\n<p><strong><u>Donn\u00e9es \u00e0 caract\u00e8re personnel trait\u00e9es :\u00a0<\/u><\/strong>Dans le cadre de sa prestation d\u2019offres et de services, la soci\u00e9t\u00e9 <strong>MR AUTO 91 <\/strong>s\u2019engage \u00e0 ne collecter uniquement les donn\u00e9es n\u00e9cessaires selon le bon vouloir de l\u2019utilisateur via les formulaire de demande.<br \/>Les donn\u00e9es pourront \u00eatre \u00e9galement collect\u00e9es par email, t\u00e9l\u00e9phone, sites web associ\u00e9s type r\u00e9seaux sociaux, sites de vente en ligne ou \u00e9v\u00e9nements de type salons organis\u00e9s par des tiers.<br \/>Un refus de cession de ces donn\u00e9es pourrait r\u00e9sulter en l\u2019impossibilit\u00e9 d\u2019utiliser tout ou partie des services propos\u00e9s par la soci\u00e9t\u00e9 <strong>MR AUTO 91 <\/strong>\u00a0sans que sa responsabilit\u00e9 soit engag\u00e9e.<\/p>\n<p><strong><u>Dispositions Informatiques et Libert\u00e9s<\/u><\/strong>\u00a0: Conform\u00e9ment \u00e0 la loi \u00ab\u00a0Informatique et Libert\u00e9\u00a0\u00bb n\u00b078-17 du 6 janvier 1978, vous disposez d\u2019un droit d\u2019acc\u00e8s, de rectification, d\u2019information ou d\u2019opposition, sur les donn\u00e9es personnelles que vous nous communiquez. Pour exercer ce droit, vous pouvez en faire la demande aupr\u00e8s de notre service client par l\u2019interm\u00e9diaire de notre formulaire de contact ou par courrier \u00e0 l\u2019adresse suivante :\u00a0<strong>MR AUTO 91 ,<\/strong>\u00a06 Avenues des Andes -91940 LES ULIS..<\/p>\n<p><strong><u>Finalit\u00e9 du traitement<\/u><\/strong><strong>\u00a0:\u00a0<\/strong>Les donn\u00e9es \u00e0 caract\u00e8re personnel fournies par les utilisateurs seront utilis\u00e9es uniquement dans le cadre de l\u2019utilisation des offres et services propos\u00e9s par <strong>MR AUTO 91<\/strong>.<\/p>\n<ul>\n<li>Rappel t\u00e9l\u00e9phonique par le service commercial.<\/li>\n<li>Gestion des r\u00e9clamations et des questionnaires de satisfaction des clients.<\/li>\n<li>Envoi de newsletter, si vous y consentez express\u00e9ment.<\/li>\n<li>Mesures de fr\u00e9quentation des sites.<\/li>\n<li>Participation \u00e0 des jeux concours.<\/li>\n<\/ul>\n<p>En cas de prospection commerciale par email ou sms, vous avez la possibilit\u00e9 de ne plus recevoir ces informations ou propositions en cliquant sur le lien de d\u00e9sabonnement ins\u00e9r\u00e9 dans nos emails. Si vous ne souhaitez pas \u00eatre d\u00e9march\u00e9 par t\u00e9l\u00e9phone, vous avez la possibilit\u00e9 de vous inscrire sur la liste d\u2019opposition au d\u00e9marchage t\u00e9l\u00e9phonique sur le site\u00a0<a href=\"http:\/\/www.bloctel.gouv.fr\/\">www.bloctel.gouv.fr<\/a>.<\/p>\n<p><strong><u>Cession de donn\u00e9es \u00e0 des tiers<\/u><\/strong><strong>\u00a0:\u00a0<\/strong>La soci\u00e9t\u00e9 <strong>MR AUTO 91<\/strong> s\u2019engage \u00e0 mettre en \u0153uvre tous les moyens n\u00e9cessaires \u00e0 la protection des donn\u00e9es de ses utilisateurs et \u00e0 ne communiquer ces informations uniquement dans le cadre de la l\u00e9gislation r\u00e9gissant son activit\u00e9.<\/p>\n<p><strong><u>D\u00e9lai de conservation<\/u><\/strong><strong>\u00a0:\u00a0<\/strong>Les donn\u00e9es collect\u00e9es seront conserv\u00e9es le temps de l\u2019utilisation des services propos\u00e9s par <strong>MR AUTO 91<\/strong> ou jusqu\u2019\u00e0 ce que l\u2019utilisateur exerce son droit de suppression ou de portabilit\u00e9. Les r\u00e8gles de conservation des donn\u00e9es appliqu\u00e9es sont celles d\u00e9finies par la loi et varient selon les finalit\u00e9s du recueil et de votre statut\u00a0: prospect, client de la soci\u00e9t\u00e9, candidat \u00e0 un emploi\u2026<\/p>\n<p><strong><u>Droits de l\u2019utilisateur :<\/u><\/strong>L\u2019utilisateur peut \u00e0 tout moment exercer son droit d\u2019acc\u00e8s en application des articles 39 et 40 de cette m\u00eame loi, vous disposez d\u2019un droit de rectification, de suppression, ou de portabilit\u00e9 de ses donn\u00e9es.<strong>\u00a0<\/strong>L\u2019ex\u00e9cution de ces droits peut \u00eatre effectu\u00e9e directement en contactant <strong>MR AUTO 91<\/strong> \u00e0 l\u2019adresse suivante<strong>,<\/strong>\u00a06 Avenues des Andes -91940 LES ULIS, par email \u00e0 contact@mrauto91.fr.<\/p>\n<p>Toute demande doit \u00eatre accompagn\u00e9e d\u2019un justificatif d\u2019identit\u00e9. Dans le cas o\u00f9 l\u2019utilisateur consid\u00e8re qu\u2019il existe une violation de ses droits, il pourra pr\u00e9senter une r\u00e9clamation directement aupr\u00e8s de la soci\u00e9t\u00e9 <strong>MR AUTO 91<\/strong> aux coordonn\u00e9es pr\u00e9c\u00e9demment fournies. Les mineurs de moins de 16 ans ne doivent pas communiquer de donn\u00e9es sur le site <strong>MR AUTO 91. <\/strong>\u00a0<\/p>\n<p><strong><u>Propri\u00e9t\u00e9 Intellectuelle<\/u><\/strong><strong>\u00a0:\u00a0<\/strong>La reproduction de tout ou partie de ce site sur quelque support que ce soit est formellement interdite sauf autorisation expresse du directeur de la publication.<\/p>\t\t\t\t\t\t\t\t<\/div>\n\t\t\t\t<\/div>\n\t\t\t\t\t<\/div>\n\t\t<\/div>\n\t\t\t\t\t<\/div>\n\t\t<\/section>\n\t\t\t\t<\/div>\n\t\t","protected":false},"excerpt":{"rendered":"<p>MENTIONS L\u00c9GALES L\u2019ensemble du contenu de ce site est la propri\u00e9t\u00e9 de MR AUTO 91, conform\u00e9ment \u00e0 l\u2019article L.122-4 du code de la propri\u00e9t\u00e9 intellectuelle toute repr\u00e9sentation ou reproduction non express\u00e9ment autoris\u00e9e, int\u00e9grale ou partielle et par quelque proc\u00e9d\u00e9 que ce soit serait illicite et constituerait une contrefa\u00e7on sanctionn\u00e9e par les articles L.335-2 et suivants [&hellip;]<\/p>\n","protected":false},"author":1,"featured_media":0,"parent":0,"menu_order":0,"comment_status":"closed","ping_status":"open","template":"","meta":{"ocean_post_layout":"","ocean_both_sidebars_style":"","ocean_both_sidebars_content_width":0,"ocean_both_sidebars_sidebars_width":0,"ocean_sidebar":"0","ocean_second_sidebar":"0","ocean_disable_margins":"enable","ocean_add_body_class":"","ocean_shortcode_before_top_bar":"","ocean_shortcode_after_top_bar":"","ocean_shortcode_before_header":"","ocean_shortcode_after_header":"","ocean_has_shortcode":"","ocean_shortcode_after_title":"","ocean_shortcode_before_footer_widgets":"","ocean_shortcode_after_footer_widgets":"","ocean_shortcode_before_footer_bottom":"","ocean_shortcode_after_footer_bottom":"","ocean_display_top_bar":"default","ocean_display_header":"default","ocean_header_style":"","ocean_center_header_left_menu":"0","ocean_custom_header_template":"0","ocean_custom_logo":0,"ocean_custom_retina_logo":0,"ocean_custom_logo_max_width":0,"ocean_custom_logo_tablet_max_width":0,"ocean_custom_logo_mobile_max_width":0,"ocean_custom_logo_max_height":0,"ocean_custom_logo_tablet_max_height":0,"ocean_custom_logo_mobile_max_height":0,"ocean_header_custom_menu":"0","ocean_menu_typo_font_family":"0","ocean_menu_typo_font_subset":"","ocean_menu_typo_font_size":0,"ocean_menu_typo_font_size_tablet":0,"ocean_menu_typo_font_size_mobile":0,"ocean_menu_typo_font_size_unit":"px","ocean_menu_typo_font_weight":"","ocean_menu_typo_font_weight_tablet":"","ocean_menu_typo_font_weight_mobile":"","ocean_menu_typo_transform":"","ocean_menu_typo_transform_tablet":"","ocean_menu_typo_transform_mobile":"","ocean_menu_typo_line_height":0,"ocean_menu_typo_line_height_tablet":0,"ocean_menu_typo_line_height_mobile":0,"ocean_menu_typo_line_height_unit":"","ocean_menu_typo_spacing":0,"ocean_menu_typo_spacing_tablet":0,"ocean_menu_typo_spacing_mobile":0,"ocean_menu_typo_spacing_unit":"","ocean_menu_link_color":"","ocean_menu_link_color_hover":"","ocean_menu_link_color_active":"","ocean_menu_link_background":"","ocean_menu_link_hover_background":"","ocean_menu_link_active_background":"","ocean_menu_social_links_bg":"","ocean_menu_social_hover_links_bg":"","ocean_menu_social_links_color":"","ocean_menu_social_hover_links_color":"","ocean_disable_title":"default","ocean_disable_heading":"default","ocean_post_title":"","ocean_post_subheading":"","ocean_post_title_style":"","ocean_post_title_background_color":"","ocean_post_title_background":0,"ocean_post_title_bg_image_position":"","ocean_post_title_bg_image_attachment":"","ocean_post_title_bg_image_repeat":"","ocean_post_title_bg_image_size":"","ocean_post_title_height":0,"ocean_post_title_bg_overlay":0.5,"ocean_post_title_bg_overlay_color":"","ocean_disable_breadcrumbs":"default","ocean_breadcrumbs_color":"","ocean_breadcrumbs_separator_color":"","ocean_breadcrumbs_links_color":"","ocean_breadcrumbs_links_hover_color":"","ocean_display_footer_widgets":"default","ocean_display_footer_bottom":"default","ocean_custom_footer_template":"0","footnotes":""},"class_list":["post-3","page","type-page","status-publish","hentry","entry"],"yoast_head":"<!-- This site is optimized with the Yoast SEO plugin v27.4 - https:\/\/yoast.com\/product\/yoast-seo-wordpress\/ -->\n<title>Politique de confidentialit\u00e9 - MR AUTO 91<\/title>\n<meta name=\"robots\" content=\"index, follow, max-snippet:-1, max-image-preview:large, max-video-preview:-1\" \/>\n<link rel=\"canonical\" href=\"https:\/\/www.mrauto91.fr\/index.php\/politique-de-confidentialite\/\" \/>\n<meta property=\"og:locale\" content=\"fr_FR\" \/>\n<meta property=\"og:type\" content=\"article\" \/>\n<meta property=\"og:title\" content=\"Politique de confidentialit\u00e9 - MR AUTO 91\" \/>\n<meta property=\"og:description\" content=\"MENTIONS L\u00c9GALES L\u2019ensemble du contenu de ce site est la propri\u00e9t\u00e9 de MR AUTO 91, conform\u00e9ment \u00e0 l\u2019article L.122-4 du code de la propri\u00e9t\u00e9 intellectuelle toute repr\u00e9sentation ou reproduction non express\u00e9ment autoris\u00e9e, int\u00e9grale ou partielle et par quelque proc\u00e9d\u00e9 que ce soit serait illicite et constituerait une contrefa\u00e7on sanctionn\u00e9e par les articles L.335-2 et suivants [&hellip;]\" \/>\n<meta property=\"og:url\" content=\"https:\/\/www.mrauto91.fr\/index.php\/politique-de-confidentialite\/\" \/>\n<meta property=\"og:site_name\" content=\"MR AUTO 91\" \/>\n<meta property=\"article:modified_time\" content=\"2022-10-28T19:50:53+00:00\" \/>\n<meta name=\"twitter:card\" content=\"summary_large_image\" \/>\n<meta name=\"twitter:label1\" content=\"Dur\u00e9e de lecture estim\u00e9e\" \/>\n\t<meta name=\"twitter:data1\" content=\"6 minutes\" \/>\n<script type=\"application\/ld+json\" class=\"yoast-schema-graph\">{\"@context\":\"https:\\\/\\\/schema.org\",\"@graph\":[{\"@type\":\"WebPage\",\"@id\":\"https:\\\/\\\/www.mrauto91.fr\\\/index.php\\\/politique-de-confidentialite\\\/\",\"url\":\"https:\\\/\\\/www.mrauto91.fr\\\/index.php\\\/politique-de-confidentialite\\\/\",\"name\":\"Politique de confidentialit\u00e9 - MR AUTO 91\",\"isPartOf\":{\"@id\":\"https:\\\/\\\/www.mrauto91.fr\\\/#website\"},\"datePublished\":\"2022-08-18T13:19:36+00:00\",\"dateModified\":\"2022-10-28T19:50:53+00:00\",\"breadcrumb\":{\"@id\":\"https:\\\/\\\/www.mrauto91.fr\\\/index.php\\\/politique-de-confidentialite\\\/#breadcrumb\"},\"inLanguage\":\"fr-FR\",\"potentialAction\":[{\"@type\":\"ReadAction\",\"target\":[\"https:\\\/\\\/www.mrauto91.fr\\\/index.php\\\/politique-de-confidentialite\\\/\"]}]},{\"@type\":\"BreadcrumbList\",\"@id\":\"https:\\\/\\\/www.mrauto91.fr\\\/index.php\\\/politique-de-confidentialite\\\/#breadcrumb\",\"itemListElement\":[{\"@type\":\"ListItem\",\"position\":1,\"name\":\"Accueil\",\"item\":\"https:\\\/\\\/www.mrauto91.fr\\\/\"},{\"@type\":\"ListItem\",\"position\":2,\"name\":\"Politique de confidentialit\u00e9\"}]},{\"@type\":\"WebSite\",\"@id\":\"https:\\\/\\\/www.mrauto91.fr\\\/#website\",\"url\":\"https:\\\/\\\/www.mrauto91.fr\\\/\",\"name\":\"MR AUTO 91\",\"description\":\"La CL\u00c9 de tous vos besoins AUTO !\",\"publisher\":{\"@id\":\"https:\\\/\\\/www.mrauto91.fr\\\/#organization\"},\"potentialAction\":[{\"@type\":\"SearchAction\",\"target\":{\"@type\":\"EntryPoint\",\"urlTemplate\":\"https:\\\/\\\/www.mrauto91.fr\\\/?s={search_term_string}\"},\"query-input\":{\"@type\":\"PropertyValueSpecification\",\"valueRequired\":true,\"valueName\":\"search_term_string\"}}],\"inLanguage\":\"fr-FR\"},{\"@type\":\"Organization\",\"@id\":\"https:\\\/\\\/www.mrauto91.fr\\\/#organization\",\"name\":\"MR AUTO 91\",\"url\":\"https:\\\/\\\/www.mrauto91.fr\\\/\",\"logo\":{\"@type\":\"ImageObject\",\"inLanguage\":\"fr-FR\",\"@id\":\"https:\\\/\\\/www.mrauto91.fr\\\/#\\\/schema\\\/logo\\\/image\\\/\",\"url\":\"https:\\\/\\\/www.mrauto91.fr\\\/wp-content\\\/uploads\\\/2022\\\/08\\\/LogoMRAUTO91.png\",\"contentUrl\":\"https:\\\/\\\/www.mrauto91.fr\\\/wp-content\\\/uploads\\\/2022\\\/08\\\/LogoMRAUTO91.png\",\"width\":453,\"height\":453,\"caption\":\"MR AUTO 91\"},\"image\":{\"@id\":\"https:\\\/\\\/www.mrauto91.fr\\\/#\\\/schema\\\/logo\\\/image\\\/\"}}]}<\/script>\n<!-- \/ Yoast SEO plugin. -->","yoast_head_json":{"title":"Politique de confidentialit\u00e9 - MR AUTO 91","robots":{"index":"index","follow":"follow","max-snippet":"max-snippet:-1","max-image-preview":"max-image-preview:large","max-video-preview":"max-video-preview:-1"},"canonical":"https:\/\/www.mrauto91.fr\/index.php\/politique-de-confidentialite\/","og_locale":"fr_FR","og_type":"article","og_title":"Politique de confidentialit\u00e9 - MR AUTO 91","og_description":"MENTIONS L\u00c9GALES L\u2019ensemble du contenu de ce site est la propri\u00e9t\u00e9 de MR AUTO 91, conform\u00e9ment \u00e0 l\u2019article L.122-4 du code de la propri\u00e9t\u00e9 intellectuelle toute repr\u00e9sentation ou reproduction non express\u00e9ment autoris\u00e9e, int\u00e9grale ou partielle et par quelque proc\u00e9d\u00e9 que ce soit serait illicite et constituerait une contrefa\u00e7on sanctionn\u00e9e par les articles L.335-2 et suivants [&hellip;]","og_url":"https:\/\/www.mrauto91.fr\/index.php\/politique-de-confidentialite\/","og_site_name":"MR AUTO 91","article_modified_time":"2022-10-28T19:50:53+00:00","twitter_card":"summary_large_image","twitter_misc":{"Dur\u00e9e de lecture estim\u00e9e":"6 minutes"},"schema":{"@context":"https:\/\/schema.org","@graph":[{"@type":"WebPage","@id":"https:\/\/www.mrauto91.fr\/index.php\/politique-de-confidentialite\/","url":"https:\/\/www.mrauto91.fr\/index.php\/politique-de-confidentialite\/","name":"Politique de confidentialit\u00e9 - MR AUTO 91","isPartOf":{"@id":"https:\/\/www.mrauto91.fr\/#website"},"datePublished":"2022-08-18T13:19:36+00:00","dateModified":"2022-10-28T19:50:53+00:00","breadcrumb":{"@id":"https:\/\/www.mrauto91.fr\/index.php\/politique-de-confidentialite\/#breadcrumb"},"inLanguage":"fr-FR","potentialAction":[{"@type":"ReadAction","target":["https:\/\/www.mrauto91.fr\/index.php\/politique-de-confidentialite\/"]}]},{"@type":"BreadcrumbList","@id":"https:\/\/www.mrauto91.fr\/index.php\/politique-de-confidentialite\/#breadcrumb","itemListElement":[{"@type":"ListItem","position":1,"name":"Accueil","item":"https:\/\/www.mrauto91.fr\/"},{"@type":"ListItem","position":2,"name":"Politique de confidentialit\u00e9"}]},{"@type":"WebSite","@id":"https:\/\/www.mrauto91.fr\/#website","url":"https:\/\/www.mrauto91.fr\/","name":"MR AUTO 91","description":"La CL\u00c9 de tous vos besoins AUTO !","publisher":{"@id":"https:\/\/www.mrauto91.fr\/#organization"},"potentialAction":[{"@type":"SearchAction","target":{"@type":"EntryPoint","urlTemplate":"https:\/\/www.mrauto91.fr\/?s={search_term_string}"},"query-input":{"@type":"PropertyValueSpecification","valueRequired":true,"valueName":"search_term_string"}}],"inLanguage":"fr-FR"},{"@type":"Organization","@id":"https:\/\/www.mrauto91.fr\/#organization","name":"MR AUTO 91","url":"https:\/\/www.mrauto91.fr\/","logo":{"@type":"ImageObject","inLanguage":"fr-FR","@id":"https:\/\/www.mrauto91.fr\/#\/schema\/logo\/image\/","url":"https:\/\/www.mrauto91.fr\/wp-content\/uploads\/2022\/08\/LogoMRAUTO91.png","contentUrl":"https:\/\/www.mrauto91.fr\/wp-content\/uploads\/2022\/08\/LogoMRAUTO91.png","width":453,"height":453,"caption":"MR AUTO 91"},"image":{"@id":"https:\/\/www.mrauto91.fr\/#\/schema\/logo\/image\/"}}]}},"_links":{"self":[{"href":"https:\/\/www.mrauto91.fr\/index.php\/wp-json\/wp\/v2\/pages\/3","targetHints":{"allow":["GET"]}}],"collection":[{"href":"https:\/\/www.mrauto91.fr\/index.php\/wp-json\/wp\/v2\/pages"}],"about":[{"href":"https:\/\/www.mrauto91.fr\/index.php\/wp-json\/wp\/v2\/types\/page"}],"author":[{"embeddable":true,"href":"https:\/\/www.mrauto91.fr\/index.php\/wp-json\/wp\/v2\/users\/1"}],"replies":[{"embeddable":true,"href":"https:\/\/www.mrauto91.fr\/index.php\/wp-json\/wp\/v2\/comments?post=3"}],"version-history":[{"count":10,"href":"https:\/\/www.mrauto91.fr\/index.php\/wp-json\/wp\/v2\/pages\/3\/revisions"}],"predecessor-version":[{"id":1060,"href":"https:\/\/www.mrauto91.fr\/index.php\/wp-json\/wp\/v2\/pages\/3\/revisions\/1060"}],"wp:attachment":[{"href":"https:\/\/www.mrauto91.fr\/index.php\/wp-json\/wp\/v2\/media?parent=3"}],"curies":[{"name":"wp","href":"https:\/\/api.w.org\/{rel}","templated":true}]}}